{"id":13982,"date":"2022-06-24T23:30:37","date_gmt":"2022-06-24T23:30:37","guid":{"rendered":"https:\/\/serenadances.com\/?page_id=13982"},"modified":"2022-06-24T23:39:56","modified_gmt":"2022-06-24T23:39:56","slug":"terms-conditions","status":"publish","type":"page","link":"https:\/\/serenadances.com\/pt\/terms-conditions\/","title":{"rendered":"termos e Condi\u00e7\u00f5es"},"content":{"rendered":"<div data-elementor-type=\"wp-page\" data-elementor-id=\"13982\" class=\"elementor elementor-13982\" data-elementor-post-type=\"page\">\n\t\t\t\t\t\t<section class=\"elementor-section elementor-top-section elementor-element elementor-element-2f82aec elementor-section-boxed elementor-section-height-default elementor-section-height-default\" data-id=\"2f82aec\" data-element_type=\"section\" data-e-type=\"section\">\n\t\t\t\t\t\t<div class=\"elementor-container elementor-column-gap-default\">\n\t\t\t\t\t<div class=\"elementor-column elementor-col-100 elementor-top-column elementor-element elementor-element-06edb66\" data-id=\"06edb66\" data-element_type=\"column\" data-e-type=\"column\">\n\t\t\t<div class=\"elementor-widget-wrap elementor-element-populated\">\n\t\t\t\t\t\t<div class=\"elementor-element elementor-element-542974d elementor-widget elementor-widget-spacer\" data-id=\"542974d\" data-element_type=\"widget\" data-e-type=\"widget\" data-widget_type=\"spacer.default\">\n\t\t\t\t<div class=\"elementor-widget-container\">\n\t\t\t\t\t\t\t<div class=\"elementor-spacer\">\n\t\t\t<div class=\"elementor-spacer-inner\"><\/div>\n\t\t<\/div>\n\t\t\t\t\t\t<\/div>\n\t\t\t\t<\/div>\n\t\t\t\t<div class=\"elementor-element elementor-element-d469a93 elementor-widget elementor-widget-shortcode\" data-id=\"d469a93\" data-element_type=\"widget\" data-e-type=\"widget\" data-widget_type=\"shortcode.default\">\n\t\t\t\t<div class=\"elementor-widget-container\">\n\t\t\t\t\t\t\t<div class=\"elementor-shortcode\"><h1>Termos e Condi\u00e7\u00f5es de Uso do Site<\/h1>\n\n<h2>1. Termos<\/h2>\n\n<p>Ao acessar este site, acess\u00edvel em http:\/\/www.serenadances.com, voc\u00ea concorda em ficar vinculado a estes Termos e Condi\u00e7\u00f5es de Uso do site e concorda que \u00e9 respons\u00e1vel pelo acordo com quaisquer leis locais aplic\u00e1veis. Se voc\u00ea n\u00e3o concordar com algum destes termos, voc\u00ea est\u00e1 proibido de acessar este site. Os materiais contidos neste Site s\u00e3o protegidos pelas leis de direitos autorais e marcas registradas.<\/p>\n\n<h2>2. Licen\u00e7a de uso<\/h2>\n\n<p>\u00c9 concedida permiss\u00e3o para baixar temporariamente uma c\u00f3pia dos materiais no site Serenadances.com, apenas para visualiza\u00e7\u00e3o transit\u00f3ria pessoal e n\u00e3o comercial. Esta \u00e9 a concess\u00e3o de uma licen\u00e7a, n\u00e3o uma transfer\u00eancia de t\u00edtulo, e sob esta licen\u00e7a voc\u00ea n\u00e3o pode:<\/p>\n\n<ul>\n    <li>modificar ou copiar os materiais;<\/li>\n    <li>utilizar os materiais para qualquer finalidade comercial ou para qualquer exibi\u00e7\u00e3o p\u00fablica;<\/li>\n    <li>tentar fazer engenharia reversa de qualquer software contido no site Serenadances.com;<\/li>\n    <li>remover quaisquer direitos autorais ou outras nota\u00e7\u00f5es de propriedade dos materiais; ou<\/li>\n    <li>transferir os materiais para outra pessoa ou \u201cespelhar\u201d os materiais em qualquer outro servidor.<\/li>\n<\/ul>\n\n<p>Isso permitir\u00e1 que Serenadances.com seja rescindido caso haja viola\u00e7\u00e3o de qualquer uma dessas restri\u00e7\u00f5es. Ap\u00f3s a rescis\u00e3o, seu direito de visualiza\u00e7\u00e3o tamb\u00e9m ser\u00e1 rescindido e voc\u00ea dever\u00e1 destruir quaisquer materiais baixados em sua posse, sejam eles impressos ou em formato eletr\u00f4nico. Estes Termos de Servi\u00e7o foram criados com a ajuda do <a href=\"https:\/\/www.termsofservicegenerator.net\">Gerador de termos de servi\u00e7o<\/a>.<\/p>\n\n<h2>3. Isen\u00e7\u00e3o de responsabilidade<\/h2>\n\n<p>Todos os materiais no site da Serenadances.com s\u00e3o fornecidos \u201ccomo est\u00e3o\u201d. Serenadances.com n\u00e3o oferece garantias, sejam elas expressas ou impl\u00edcitas, portanto, nega todas as outras garantias. Al\u00e9m disso, Serenadances.com n\u00e3o faz nenhuma representa\u00e7\u00e3o relativa \u00e0 precis\u00e3o ou confiabilidade do uso dos materiais em seu site ou de outra forma relacionada a esses materiais ou a quaisquer sites vinculados a este site.<\/p>\n\n<h2>4. Limita\u00e7\u00f5es<\/h2>\n\n<p>Serenadances.com ou seus fornecedores n\u00e3o ser\u00e3o responsabilizados por quaisquer danos que possam surgir com o uso ou a incapacidade de usar os materiais do site Serenadances.com, mesmo que Serenadances.com ou um representante autorizado deste site tenha sido notificado, oralmente ou escrito, da possibilidade de tais danos. Algumas jurisdi\u00e7\u00f5es n\u00e3o permitem limita\u00e7\u00f5es em garantias impl\u00edcitas ou limita\u00e7\u00f5es de responsabilidade por danos incidentais; estas limita\u00e7\u00f5es podem n\u00e3o se aplicar a voc\u00ea.<\/p>\n\n<h2>5. Revis\u00f5es e Erratas<\/h2>\n\n<p>Os materiais exibidos no site Serenadances.com podem incluir erros t\u00e9cnicos, tipogr\u00e1ficos ou fotogr\u00e1ficos. Serenadances.com n\u00e3o promete que qualquer material deste site seja preciso, completo ou atual. Serenadances.com pode alterar os materiais contidos em seu site a qualquer momento, sem aviso pr\u00e9vio. Serenadances.com n\u00e3o se compromete a atualizar os materiais.<\/p>\n\n<h2>6. Links<\/h2>\n\n<p>Serenadances.com n\u00e3o revisou todos os sites vinculados ao seu site e n\u00e3o \u00e9 respons\u00e1vel pelo conte\u00fado de nenhum site vinculado. A presen\u00e7a de qualquer link n\u00e3o implica endosso do site por Serenadances.com. A utiliza\u00e7\u00e3o de qualquer site vinculado \u00e9 por conta e risco do usu\u00e1rio.<\/p>\n\n<h2>7. Modifica\u00e7\u00f5es nos Termos de Uso do Site<\/h2>\n\n<p>Serenadances.com pode revisar estes Termos de Uso de seu Site a qualquer momento sem aviso pr\u00e9vio. Ao utilizar este Site, voc\u00ea concorda em ficar vinculado \u00e0 vers\u00e3o atual destes Termos e Condi\u00e7\u00f5es de Uso.<\/p>\n\n<h2>8. Sua privacidade<\/h2>\n\n<p>Por favor, leia nossa pol\u00edtica de privacidade.<\/p>\n\n<h2>9. Lei Aplic\u00e1vel<\/h2>\n\n<p>Qualquer reclama\u00e7\u00e3o relacionada ao site Serenadances.com ser\u00e1 regida pelas leis do GB, independentemente de seu conflito de disposi\u00e7\u00f5es legais.<\/p>\n<\/div>\n\t\t\t\t\t\t<\/div>\n\t\t\t\t<\/div>\n\t\t\t\t\t<\/div>\n\t\t<\/div>\n\t\t\t\t\t<\/div>\n\t\t<\/section>\n\t\t\t\t<\/div>","protected":false},"excerpt":{"rendered":"<p>Website Terms and Conditions of Use 1. Terms By accessing this Website, accessible from http:\/\/www.serenadances.com, you are agreeing to be bound by these Website Terms and Conditions of Use and agree that you are responsible for the agreement with any applicable local laws. If you disagree with any of these terms, you are prohibited from [&hellip;]<\/p>\n","protected":false},"author":1,"featured_media":0,"parent":0,"menu_order":0,"comment_status":"closed","ping_status":"closed","template":"","meta":{"nf_dc_page":"","site-sidebar-layout":"no-sidebar","site-content-layout":"page-builder","ast-site-content-layout":"default","site-content-style":"default","site-sidebar-style":"default","ast-global-header-display":"","ast-banner-title-visibility":"","ast-main-header-display":"","ast-hfb-above-header-display":"","ast-hfb-below-header-display":"","ast-hfb-mobile-header-display":"","site-post-title":"disabled","ast-breadcrumbs-content":"","ast-featured-img":"disabled","footer-sml-layout":"","ast-disable-related-posts":"","theme-transparent-header-meta":"","adv-header-id-meta":"","stick-header-meta":"","header-above-stick-meta":"","header-main-stick-meta":"","header-below-stick-meta":"","astra-migrate-meta-layouts":"default","ast-page-background-enabled":"default","ast-page-background-meta":{"desktop":{"background-color":"","background-image":"","background-repeat":"repeat","background-position":"center center","background-size":"auto","background-attachment":"scroll","background-type":"","background-media":"","overlay-type":"","overlay-color":"","overlay-opacity":"","overlay-gradient":""},"tablet":{"background-color":"","background-image":"","background-repeat":"repeat","background-position":"center center","background-size":"auto","background-attachment":"scroll","background-type":"","background-media":"","overlay-type":"","overlay-color":"","overlay-opacity":"","overlay-gradient":""},"mobile":{"background-color":"","background-image":"","background-repeat":"repeat","background-position":"center center","background-size":"auto","background-attachment":"scroll","background-type":"","background-media":"","overlay-type":"","overlay-color":"","overlay-opacity":"","overlay-gradient":""}},"ast-content-background-meta":{"desktop":{"background-color":"var(--ast-global-color-5)","background-image":"","background-repeat":"repeat","background-position":"center center","background-size":"auto","background-attachment":"scroll","background-type":"","background-media":"","overlay-type":"","overlay-color":"","overlay-opacity":"","overlay-gradient":""},"tablet":{"background-color":"var(--ast-global-color-5)","background-image":"","background-repeat":"repeat","background-position":"center center","background-size":"auto","background-attachment":"scroll","background-type":"","background-media":"","overlay-type":"","overlay-color":"","overlay-opacity":"","overlay-gradient":""},"mobile":{"background-color":"var(--ast-global-color-5)","background-image":"","background-repeat":"repeat","background-position":"center center","background-size":"auto","background-attachment":"scroll","background-type":"","background-media":"","overlay-type":"","overlay-color":"","overlay-opacity":"","overlay-gradient":""}},"two_page_speed":[],"footnotes":""},"class_list":["post-13982","page","type-page","status-publish","hentry"],"yoast_head":"<!-- This site is optimized with the Yoast SEO plugin v27.3 - https:\/\/yoast.com\/product\/yoast-seo-wordpress\/ -->\n<title>Terms &amp; Conditions Serena Ramzy - The art of being the music<\/title>\n<meta name=\"robots\" content=\"index, follow, max-snippet:-1, max-image-preview:large, max-video-preview:-1\" \/>\n<link rel=\"canonical\" href=\"https:\/\/serenadances.com\/pt\/terms-conditions\/\" \/>\n<meta property=\"og:locale\" content=\"pt_BR\" \/>\n<meta property=\"og:type\" content=\"article\" \/>\n<meta property=\"og:title\" content=\"Terms &amp; Conditions Serena Ramzy - The art of being the music\" \/>\n<meta property=\"og:description\" content=\"Website Terms and Conditions of Use 1. Terms By accessing this Website, accessible from http:\/\/www.serenadances.com, you are agreeing to be bound by these Website Terms and Conditions of Use and agree that you are responsible for the agreement with any applicable local laws. If you disagree with any of these terms, you are prohibited from [&hellip;]\" \/>\n<meta property=\"og:url\" content=\"https:\/\/serenadances.com\/pt\/terms-conditions\/\" \/>\n<meta property=\"og:site_name\" content=\"Serena Ramzy - The art of being the music\" \/>\n<meta property=\"article:modified_time\" content=\"2022-06-24T23:39:56+00:00\" \/>\n<meta name=\"twitter:card\" content=\"summary_large_image\" \/>\n<meta name=\"twitter:label1\" content=\"Est. tempo de leitura\" \/>\n\t<meta name=\"twitter:data1\" content=\"3 minutos\" \/>\n<script type=\"application\/ld+json\" class=\"yoast-schema-graph\">{\"@context\":\"https:\\\/\\\/schema.org\",\"@graph\":[{\"@type\":\"WebPage\",\"@id\":\"https:\\\/\\\/serenadances.com\\\/terms-conditions\\\/\",\"url\":\"https:\\\/\\\/serenadances.com\\\/terms-conditions\\\/\",\"name\":\"Terms & Conditions Serena Ramzy - The art of being the music\",\"isPartOf\":{\"@id\":\"https:\\\/\\\/serenadances.com\\\/#website\"},\"datePublished\":\"2022-06-24T23:30:37+00:00\",\"dateModified\":\"2022-06-24T23:39:56+00:00\",\"breadcrumb\":{\"@id\":\"https:\\\/\\\/serenadances.com\\\/terms-conditions\\\/#breadcrumb\"},\"inLanguage\":\"pt-BR\",\"potentialAction\":[{\"@type\":\"ReadAction\",\"target\":[\"https:\\\/\\\/serenadances.com\\\/terms-conditions\\\/\"]}]},{\"@type\":\"BreadcrumbList\",\"@id\":\"https:\\\/\\\/serenadances.com\\\/terms-conditions\\\/#breadcrumb\",\"itemListElement\":[{\"@type\":\"ListItem\",\"position\":1,\"name\":\"Home\",\"item\":\"https:\\\/\\\/serenadances.com\\\/pt\\\/\"},{\"@type\":\"ListItem\",\"position\":2,\"name\":\"Terms &#038; Conditions\"}]},{\"@type\":\"WebSite\",\"@id\":\"https:\\\/\\\/serenadances.com\\\/#website\",\"url\":\"https:\\\/\\\/serenadances.com\\\/\",\"name\":\"Serena Ramzy - The art of being the music\",\"description\":\"Egyptian Dancer, Teacher and Choreographer\",\"publisher\":{\"@id\":\"https:\\\/\\\/serenadances.com\\\/#\\\/schema\\\/person\\\/4f244102711b1aa21669d51f0bf6ea95\"},\"potentialAction\":[{\"@type\":\"SearchAction\",\"target\":{\"@type\":\"EntryPoint\",\"urlTemplate\":\"https:\\\/\\\/serenadances.com\\\/?s={search_term_string}\"},\"query-input\":{\"@type\":\"PropertyValueSpecification\",\"valueRequired\":true,\"valueName\":\"search_term_string\"}}],\"inLanguage\":\"pt-BR\"},{\"@type\":[\"Person\",\"Organization\"],\"@id\":\"https:\\\/\\\/serenadances.com\\\/#\\\/schema\\\/person\\\/4f244102711b1aa21669d51f0bf6ea95\",\"name\":\"serena ramzy\",\"image\":{\"@type\":\"ImageObject\",\"inLanguage\":\"pt-BR\",\"@id\":\"https:\\\/\\\/serenadances.com\\\/wp-content\\\/uploads\\\/serena-dances-ramzy-logo-horizontal-1.png\",\"url\":\"https:\\\/\\\/serenadances.com\\\/wp-content\\\/uploads\\\/serena-dances-ramzy-logo-horizontal-1.png\",\"contentUrl\":\"https:\\\/\\\/serenadances.com\\\/wp-content\\\/uploads\\\/serena-dances-ramzy-logo-horizontal-1.png\",\"width\":909,\"height\":418,\"caption\":\"serena ramzy\"},\"logo\":{\"@id\":\"https:\\\/\\\/serenadances.com\\\/wp-content\\\/uploads\\\/serena-dances-ramzy-logo-horizontal-1.png\"}}]}<\/script>\n<!-- \/ Yoast SEO plugin. -->","yoast_head_json":{"title":"Terms & Conditions Serena Ramzy - The art of being the music","robots":{"index":"index","follow":"follow","max-snippet":"max-snippet:-1","max-image-preview":"max-image-preview:large","max-video-preview":"max-video-preview:-1"},"canonical":"https:\/\/serenadances.com\/pt\/terms-conditions\/","og_locale":"pt_BR","og_type":"article","og_title":"Terms & Conditions Serena Ramzy - The art of being the music","og_description":"Website Terms and Conditions of Use 1. Terms By accessing this Website, accessible from http:\/\/www.serenadances.com, you are agreeing to be bound by these Website Terms and Conditions of Use and agree that you are responsible for the agreement with any applicable local laws. If you disagree with any of these terms, you are prohibited from [&hellip;]","og_url":"https:\/\/serenadances.com\/pt\/terms-conditions\/","og_site_name":"Serena Ramzy - The art of being the music","article_modified_time":"2022-06-24T23:39:56+00:00","twitter_card":"summary_large_image","twitter_misc":{"Est. tempo de leitura":"3 minutos"},"schema":{"@context":"https:\/\/schema.org","@graph":[{"@type":"WebPage","@id":"https:\/\/serenadances.com\/terms-conditions\/","url":"https:\/\/serenadances.com\/terms-conditions\/","name":"Terms & Conditions Serena Ramzy - The art of being the music","isPartOf":{"@id":"https:\/\/serenadances.com\/#website"},"datePublished":"2022-06-24T23:30:37+00:00","dateModified":"2022-06-24T23:39:56+00:00","breadcrumb":{"@id":"https:\/\/serenadances.com\/terms-conditions\/#breadcrumb"},"inLanguage":"pt-BR","potentialAction":[{"@type":"ReadAction","target":["https:\/\/serenadances.com\/terms-conditions\/"]}]},{"@type":"BreadcrumbList","@id":"https:\/\/serenadances.com\/terms-conditions\/#breadcrumb","itemListElement":[{"@type":"ListItem","position":1,"name":"Home","item":"https:\/\/serenadances.com\/pt\/"},{"@type":"ListItem","position":2,"name":"Terms &#038; Conditions"}]},{"@type":"WebSite","@id":"https:\/\/serenadances.com\/#website","url":"https:\/\/serenadances.com\/","name":"Serena Ramzy \u2013 A arte de ser a m\u00fasica","description":"Dan\u00e7arina, professora e core\u00f3grafa eg\u00edpcia","publisher":{"@id":"https:\/\/serenadances.com\/#\/schema\/person\/4f244102711b1aa21669d51f0bf6ea95"},"potentialAction":[{"@type":"SearchAction","target":{"@type":"EntryPoint","urlTemplate":"https:\/\/serenadances.com\/?s={search_term_string}"},"query-input":{"@type":"PropertyValueSpecification","valueRequired":true,"valueName":"search_term_string"}}],"inLanguage":"pt-BR"},{"@type":["Person","Organization"],"@id":"https:\/\/serenadances.com\/#\/schema\/person\/4f244102711b1aa21669d51f0bf6ea95","name":"serena ramzy","image":{"@type":"ImageObject","inLanguage":"pt-BR","@id":"https:\/\/serenadances.com\/wp-content\/uploads\/serena-dances-ramzy-logo-horizontal-1.png","url":"https:\/\/serenadances.com\/wp-content\/uploads\/serena-dances-ramzy-logo-horizontal-1.png","contentUrl":"https:\/\/serenadances.com\/wp-content\/uploads\/serena-dances-ramzy-logo-horizontal-1.png","width":909,"height":418,"caption":"serena ramzy"},"logo":{"@id":"https:\/\/serenadances.com\/wp-content\/uploads\/serena-dances-ramzy-logo-horizontal-1.png"}}]}},"jetpack_sharing_enabled":true,"_links":{"self":[{"href":"https:\/\/serenadances.com\/pt\/wp-json\/wp\/v2\/pages\/13982","targetHints":{"allow":["GET"]}}],"collection":[{"href":"https:\/\/serenadances.com\/pt\/wp-json\/wp\/v2\/pages"}],"about":[{"href":"https:\/\/serenadances.com\/pt\/wp-json\/wp\/v2\/types\/page"}],"author":[{"embeddable":true,"href":"https:\/\/serenadances.com\/pt\/wp-json\/wp\/v2\/users\/1"}],"replies":[{"embeddable":true,"href":"https:\/\/serenadances.com\/pt\/wp-json\/wp\/v2\/comments?post=13982"}],"version-history":[{"count":0,"href":"https:\/\/serenadances.com\/pt\/wp-json\/wp\/v2\/pages\/13982\/revisions"}],"wp:attachment":[{"href":"https:\/\/serenadances.com\/pt\/wp-json\/wp\/v2\/media?parent=13982"}],"curies":[{"name":"wp","href":"https:\/\/api.w.org\/{rel}","templated":true}]}}