{"id":13607,"date":"2022-06-22T16:19:37","date_gmt":"2022-06-22T16:19:37","guid":{"rendered":"https:\/\/serenadances.com\/?page_id=13607"},"modified":"2024-05-09T16:10:21","modified_gmt":"2024-05-09T16:10:21","slug":"cookie-policy","status":"publish","type":"page","link":"https:\/\/serenadances.com\/pt\/cookie-policy\/","title":{"rendered":"Pol\u00edtica de Cookies"},"content":{"rendered":"<div data-elementor-type=\"wp-page\" data-elementor-id=\"13607\" class=\"elementor elementor-13607\" data-elementor-post-type=\"page\">\n\t\t\t\t\t\t<section class=\"elementor-section elementor-top-section elementor-element elementor-element-301a80d9 elementor-section-boxed elementor-section-height-default elementor-section-height-default\" data-id=\"301a80d9\" data-element_type=\"section\" data-e-type=\"section\">\n\t\t\t\t\t\t<div class=\"elementor-container elementor-column-gap-default\">\n\t\t\t\t\t<div class=\"elementor-column elementor-col-100 elementor-top-column elementor-element elementor-element-44440a61\" data-id=\"44440a61\" data-element_type=\"column\" data-e-type=\"column\">\n\t\t\t<div class=\"elementor-widget-wrap elementor-element-populated\">\n\t\t\t\t\t\t<div class=\"elementor-element elementor-element-7b95cf8 elementor-widget elementor-widget-text-editor\" data-id=\"7b95cf8\" data-element_type=\"widget\" data-e-type=\"widget\" data-widget_type=\"text-editor.default\">\n\t\t\t\t<div class=\"elementor-widget-container\">\n\t\t\t\t\t\t\t\t\t<div class=\"cli_pg_page_contaner\">\n<h3>Sobre esta pol\u00edtica de cookies<\/h3>\n<div>Esta Pol\u00edtica de Cookies explica o que s\u00e3o cookies e como os utilizamos, os tipos de cookies que utilizamos, ou seja, as informa\u00e7\u00f5es que recolhemos atrav\u00e9s de cookies e como essas informa\u00e7\u00f5es s\u00e3o utilizadas, e como controlar as prefer\u00eancias de cookies. Para mais informa\u00e7\u00f5es sobre como utilizamos, armazenamos e mantemos os seus dados pessoais seguros, consulte a nossa Pol\u00edtica de Privacidade. Voc\u00ea pode a qualquer momento alterar ou retirar seu consentimento da Declara\u00e7\u00e3o de Cookies em nosso site. Saiba mais sobre quem somos, como voc\u00ea pode entrar em contato conosco e como processamos dados pessoais em nossa Pol\u00edtica de Privacidade. Seu consentimento se aplica aos seguintes dom\u00ednios: serenadances.com\n<div class=\"cli_user_consent_state\">Seu estado atual: N\u00e3o foi dado consentimento. <a class=\"cli_manage_current_consent\" style=\"cursor:pointer;text-decoration:underline;\">Gerenciar consentimento.<\/a> <\/div>\n\n<\/div>\n<h3>O que s\u00e3o biscoitos?<\/h3>\n<div>Cookies s\u00e3o pequenos arquivos de texto usados para armazenar pequenas informa\u00e7\u00f5es. Eles s\u00e3o armazenados no seu dispositivo quando o site \u00e9 carregado no seu navegador. Estes cookies ajudam-nos a fazer com que o site funcione corretamente, torn\u00e1-lo mais seguro, proporcionar uma melhor experi\u00eancia ao utilizador e compreender o desempenho do site e analisar o que funciona e onde precisa de ser melhorado.<\/div>\n<h3>Como usamos cookies?<\/h3>\n<div>Tal como a maioria dos servi\u00e7os online, o nosso site utiliza cookies pr\u00f3prios e de terceiros para diversos fins. Os cookies prim\u00e1rios s\u00e3o principalmente necess\u00e1rios para que o site funcione corretamente e n\u00e3o coletam nenhum dos seus dados de identifica\u00e7\u00e3o pessoal. Os cookies de terceiros usados em nosso site s\u00e3o principalmente para entender o desempenho do site, como voc\u00ea interage com nosso site, manter nossos servi\u00e7os seguros, fornecer an\u00fancios que sejam relevantes para voc\u00ea e, em suma, fornecer-lhe um usu\u00e1rio melhor e melhorado. experi\u00eancia e ajudar a acelerar suas futuras intera\u00e7\u00f5es com nosso site.\n\n<\/div>\n<h3>Que tipos de cookies utilizamos?<\/h3>\n<div>Essencial: Alguns cookies s\u00e3o essenciais para que voc\u00ea possa experimentar todas as funcionalidades do nosso site. Eles nos permitem manter as sess\u00f5es dos usu\u00e1rios e prevenir quaisquer amea\u00e7as \u00e0 seguran\u00e7a. Eles n\u00e3o coletam ou armazenam nenhuma informa\u00e7\u00e3o pessoal. Por exemplo, esses cookies permitem que voc\u00ea fa\u00e7a login na sua conta e adicione produtos ao seu carrinho e finalize a compra com seguran\u00e7a. Estat\u00edsticas: Estes cookies armazenam informa\u00e7\u00f5es como o n\u00famero de visitantes do site, o n\u00famero de visitantes \u00fanicos, quais p\u00e1ginas do site foram visitadas, a origem da visita, etc. e onde precisa de melhorias. Marketing: Nosso site exibe an\u00fancios. Esses cookies s\u00e3o usados para personalizar os an\u00fancios que lhe mostramos, para que sejam significativos para voc\u00ea. Estes cookies tamb\u00e9m nos ajudam a acompanhar a efici\u00eancia destas campanhas publicit\u00e1rias. As informa\u00e7\u00f5es armazenadas nesses cookies tamb\u00e9m podem ser usadas por provedores de an\u00fancios terceirizados para mostrar an\u00fancios em outros sites no navegador. Funcionais: S\u00e3o os cookies que auxiliam determinadas funcionalidades n\u00e3o essenciais do nosso site. Essas funcionalidades incluem a incorpora\u00e7\u00e3o de conte\u00fado como v\u00eddeos ou o compartilhamento de conte\u00fado do site em plataformas de m\u00eddia social. Prefer\u00eancias: Esses cookies nos ajudam a armazenar suas configura\u00e7\u00f5es e prefer\u00eancias de navega\u00e7\u00e3o, como prefer\u00eancias de idioma, para que voc\u00ea tenha uma experi\u00eancia melhor e mais eficiente em futuras visitas ao site.\n<p>The below list details the cookies used in our website.<\/p><table class=\"cookielawinfo-row-cat-table cookielawinfo-classic\"><thead><tr><th class=\"cookielawinfo-column-1\">Cookie<\/th><th class=\"cookielawinfo-column-4\">Descri\u00e7\u00e3o<\/th><\/tr><\/thead><tbody><tr class=\"cookielawinfo-row\"><td class=\"cookielawinfo-column-1\">cookielawinfo-checkbox-anal\u00edtica<\/td><td class=\"cookielawinfo-column-4\">Este cookie \u00e9 definido pelo plugin GDPR Cookie Consent. O cookie \u00e9 utilizado para armazenar o consentimento do usu\u00e1rio para os cookies da categoria \u201cAnalytics\u201d.<\/td><\/tr><tr class=\"cookielawinfo-row\"><td class=\"cookielawinfo-column-1\">cookielawinfo-checkbox-funcional<\/td><td class=\"cookielawinfo-column-4\">O cookie \u00e9 definido pelo consentimento de cookies do GDPR para registrar o consentimento do usu\u00e1rio para os cookies na categoria \u201cFuncional\u201d.<\/td><\/tr><tr class=\"cookielawinfo-row\"><td class=\"cookielawinfo-column-1\">cookielawinfo-checkbox-necess\u00e1rio<\/td><td class=\"cookielawinfo-column-4\">Este cookie \u00e9 definido pelo plugin GDPR Cookie Consent. Os cookies s\u00e3o utilizados para armazenar o consentimento do usu\u00e1rio para os cookies na categoria \u201cNecess\u00e1rios\u201d.<\/td><\/tr><tr class=\"cookielawinfo-row\"><td class=\"cookielawinfo-column-1\">cookielawinfo-checkbox-outros<\/td><td class=\"cookielawinfo-column-4\">Este cookie \u00e9 definido pelo plugin GDPR Cookie Consent. O cookie \u00e9 utilizado para armazenar o consentimento do usu\u00e1rio para os cookies na categoria \u201cOutros.<\/td><\/tr><tr class=\"cookielawinfo-row\"><td class=\"cookielawinfo-column-1\">cookielawinfo-checkbox-desempenho<\/td><td class=\"cookielawinfo-column-4\">Este cookie \u00e9 definido pelo plugin GDPR Cookie Consent. O cookie \u00e9 utilizado para armazenar o consentimento do usu\u00e1rio para os cookies na categoria \u201cDesempenho\u201d.<\/td><\/tr><tr class=\"cookielawinfo-row\"><td class=\"cookielawinfo-column-1\">view_cookie_policy<\/td><td class=\"cookielawinfo-column-4\">O cookie \u00e9 definido pelo plug-in GDPR Cookie Consent e \u00e9 usado para armazenar se o usu\u00e1rio consentiu ou n\u00e3o com o uso de cookies. N\u00e3o armazena nenhum dado pessoal.<\/td><\/tr><\/tbody><\/table>\n\n<\/div>\n<h3>Como posso controlar as prefer\u00eancias de cookies?<\/h3>\n<div>Caso decida alterar suas prefer\u00eancias posteriormente durante sua sess\u00e3o de navega\u00e7\u00e3o, voc\u00ea pode clicar na guia \u201cPol\u00edtica de Privacidade e Cookies\u201d na tela. Isso exibir\u00e1 novamente o aviso de consentimento, permitindo que voc\u00ea altere suas prefer\u00eancias ou retire totalmente seu consentimento. Al\u00e9m disso, diferentes navegadores oferecem diferentes m\u00e9todos para bloquear e excluir cookies usados por sites. Voc\u00ea pode alterar as configura\u00e7\u00f5es do seu navegador para bloquear\/excluir os cookies. Para saber mais sobre como gerenciar e excluir cookies, visite wikipedia.org, www.allaboutcookies.org.\n\n<\/div>\n<\/div>\t\t\t\t\t\t\t\t<\/div>\n\t\t\t\t<\/div>\n\t\t\t\t\t<\/div>\n\t\t<\/div>\n\t\t\t\t\t<\/div>\n\t\t<\/section>\n\t\t\t\t<\/div>","protected":false},"excerpt":{"rendered":"<p>About this cookie policy This Cookie Policy explains what cookies are and how we use them, the types of cookies we use i.e, the information we collect using cookies and how that information is used, and how to control the cookie preferences. For further information on how we use, store, and keep your personal data [&hellip;]<\/p>\n","protected":false},"author":1,"featured_media":0,"parent":0,"menu_order":0,"comment_status":"closed","ping_status":"closed","template":"elementor_theme","meta":{"nf_dc_page":"","site-sidebar-layout":"default","site-content-layout":"","ast-site-content-layout":"default","site-content-style":"default","site-sidebar-style":"default","ast-global-header-display":"","ast-banner-title-visibility":"","ast-main-header-display":"","ast-hfb-above-header-display":"","ast-hfb-below-header-display":"","ast-hfb-mobile-header-display":"","site-post-title":"","ast-breadcrumbs-content":"","ast-featured-img":"","footer-sml-layout":"","ast-disable-related-posts":"","theme-transparent-header-meta":"","adv-header-id-meta":"","stick-header-meta":"","header-above-stick-meta":"","header-main-stick-meta":"","header-below-stick-meta":"","astra-migrate-meta-layouts":"default","ast-page-background-enabled":"default","ast-page-background-meta":{"desktop":{"background-color":"","background-image":"","background-repeat":"repeat","background-position":"center center","background-size":"auto","background-attachment":"scroll","background-type":"","background-media":"","overlay-type":"","overlay-color":"","overlay-opacity":"","overlay-gradient":""},"tablet":{"background-color":"","background-image":"","background-repeat":"repeat","background-position":"center center","background-size":"auto","background-attachment":"scroll","background-type":"","background-media":"","overlay-type":"","overlay-color":"","overlay-opacity":"","overlay-gradient":""},"mobile":{"background-color":"","background-image":"","background-repeat":"repeat","background-position":"center center","background-size":"auto","background-attachment":"scroll","background-type":"","background-media":"","overlay-type":"","overlay-color":"","overlay-opacity":"","overlay-gradient":""}},"ast-content-background-meta":{"desktop":{"background-color":"var(--ast-global-color-5)","background-image":"","background-repeat":"repeat","background-position":"center center","background-size":"auto","background-attachment":"scroll","background-type":"","background-media":"","overlay-type":"","overlay-color":"","overlay-opacity":"","overlay-gradient":""},"tablet":{"background-color":"var(--ast-global-color-5)","background-image":"","background-repeat":"repeat","background-position":"center center","background-size":"auto","background-attachment":"scroll","background-type":"","background-media":"","overlay-type":"","overlay-color":"","overlay-opacity":"","overlay-gradient":""},"mobile":{"background-color":"var(--ast-global-color-5)","background-image":"","background-repeat":"repeat","background-position":"center center","background-size":"auto","background-attachment":"scroll","background-type":"","background-media":"","overlay-type":"","overlay-color":"","overlay-opacity":"","overlay-gradient":""}},"two_page_speed":[],"footnotes":""},"class_list":["post-13607","page","type-page","status-publish","hentry"],"yoast_head":"<!-- This site is optimized with the Yoast SEO plugin v27.3 - https:\/\/yoast.com\/product\/yoast-seo-wordpress\/ -->\n<title>Cookie Policy - Serena Ramzy - The art of being the music<\/title>\n<meta name=\"description\" content=\"Our Cookie Policy. all the information you need. you can always contact us with any queries, via our contact page.\" \/>\n<meta name=\"robots\" content=\"index, follow, max-snippet:-1, max-image-preview:large, max-video-preview:-1\" \/>\n<link rel=\"canonical\" href=\"https:\/\/serenadances.com\/pt\/cookie-policy\/\" \/>\n<meta property=\"og:locale\" content=\"pt_BR\" \/>\n<meta property=\"og:type\" content=\"article\" \/>\n<meta property=\"og:title\" content=\"Cookie Policy - Serena Ramzy - The art of being the music\" \/>\n<meta property=\"og:description\" content=\"Our Cookie Policy. all the information you need. you can always contact us with any queries, via our contact page.\" \/>\n<meta property=\"og:url\" content=\"https:\/\/serenadances.com\/pt\/cookie-policy\/\" \/>\n<meta property=\"og:site_name\" content=\"Serena Ramzy - The art of being the music\" \/>\n<meta property=\"article:modified_time\" content=\"2024-05-09T16:10:21+00:00\" \/>\n<meta name=\"twitter:card\" content=\"summary_large_image\" \/>\n<meta name=\"twitter:label1\" content=\"Est. tempo de leitura\" \/>\n\t<meta name=\"twitter:data1\" content=\"4 minutos\" \/>\n<script type=\"application\/ld+json\" class=\"yoast-schema-graph\">{\"@context\":\"https:\\\/\\\/schema.org\",\"@graph\":[{\"@type\":\"WebPage\",\"@id\":\"https:\\\/\\\/serenadances.com\\\/cookie-policy\\\/\",\"url\":\"https:\\\/\\\/serenadances.com\\\/cookie-policy\\\/\",\"name\":\"Cookie Policy - Serena Ramzy - The art of being the music\",\"isPartOf\":{\"@id\":\"https:\\\/\\\/serenadances.com\\\/#website\"},\"datePublished\":\"2022-06-22T16:19:37+00:00\",\"dateModified\":\"2024-05-09T16:10:21+00:00\",\"description\":\"Our Cookie Policy. all the information you need. you can always contact us with any queries, via our contact page.\",\"breadcrumb\":{\"@id\":\"https:\\\/\\\/serenadances.com\\\/cookie-policy\\\/#breadcrumb\"},\"inLanguage\":\"pt-BR\",\"potentialAction\":[{\"@type\":\"ReadAction\",\"target\":[\"https:\\\/\\\/serenadances.com\\\/cookie-policy\\\/\"]}]},{\"@type\":\"BreadcrumbList\",\"@id\":\"https:\\\/\\\/serenadances.com\\\/cookie-policy\\\/#breadcrumb\",\"itemListElement\":[{\"@type\":\"ListItem\",\"position\":1,\"name\":\"Home\",\"item\":\"https:\\\/\\\/serenadances.com\\\/pt\\\/\"},{\"@type\":\"ListItem\",\"position\":2,\"name\":\"Cookie Policy\"}]},{\"@type\":\"WebSite\",\"@id\":\"https:\\\/\\\/serenadances.com\\\/#website\",\"url\":\"https:\\\/\\\/serenadances.com\\\/\",\"name\":\"Serena Ramzy - The art of being the music\",\"description\":\"Egyptian Dancer, Teacher and Choreographer\",\"publisher\":{\"@id\":\"https:\\\/\\\/serenadances.com\\\/#\\\/schema\\\/person\\\/4f244102711b1aa21669d51f0bf6ea95\"},\"potentialAction\":[{\"@type\":\"SearchAction\",\"target\":{\"@type\":\"EntryPoint\",\"urlTemplate\":\"https:\\\/\\\/serenadances.com\\\/?s={search_term_string}\"},\"query-input\":{\"@type\":\"PropertyValueSpecification\",\"valueRequired\":true,\"valueName\":\"search_term_string\"}}],\"inLanguage\":\"pt-BR\"},{\"@type\":[\"Person\",\"Organization\"],\"@id\":\"https:\\\/\\\/serenadances.com\\\/#\\\/schema\\\/person\\\/4f244102711b1aa21669d51f0bf6ea95\",\"name\":\"serena ramzy\",\"image\":{\"@type\":\"ImageObject\",\"inLanguage\":\"pt-BR\",\"@id\":\"https:\\\/\\\/serenadances.com\\\/wp-content\\\/uploads\\\/serena-dances-ramzy-logo-horizontal-1.png\",\"url\":\"https:\\\/\\\/serenadances.com\\\/wp-content\\\/uploads\\\/serena-dances-ramzy-logo-horizontal-1.png\",\"contentUrl\":\"https:\\\/\\\/serenadances.com\\\/wp-content\\\/uploads\\\/serena-dances-ramzy-logo-horizontal-1.png\",\"width\":909,\"height\":418,\"caption\":\"serena ramzy\"},\"logo\":{\"@id\":\"https:\\\/\\\/serenadances.com\\\/wp-content\\\/uploads\\\/serena-dances-ramzy-logo-horizontal-1.png\"}}]}<\/script>\n<!-- \/ Yoast SEO plugin. -->","yoast_head_json":{"title":"Cookie Policy - Serena Ramzy - The art of being the music","description":"Our Cookie Policy. all the information you need. you can always contact us with any queries, via our contact page.","robots":{"index":"index","follow":"follow","max-snippet":"max-snippet:-1","max-image-preview":"max-image-preview:large","max-video-preview":"max-video-preview:-1"},"canonical":"https:\/\/serenadances.com\/pt\/cookie-policy\/","og_locale":"pt_BR","og_type":"article","og_title":"Cookie Policy - Serena Ramzy - The art of being the music","og_description":"Our Cookie Policy. all the information you need. you can always contact us with any queries, via our contact page.","og_url":"https:\/\/serenadances.com\/pt\/cookie-policy\/","og_site_name":"Serena Ramzy - The art of being the music","article_modified_time":"2024-05-09T16:10:21+00:00","twitter_card":"summary_large_image","twitter_misc":{"Est. tempo de leitura":"4 minutos"},"schema":{"@context":"https:\/\/schema.org","@graph":[{"@type":"WebPage","@id":"https:\/\/serenadances.com\/cookie-policy\/","url":"https:\/\/serenadances.com\/cookie-policy\/","name":"Cookie Policy - Serena Ramzy - The art of being the music","isPartOf":{"@id":"https:\/\/serenadances.com\/#website"},"datePublished":"2022-06-22T16:19:37+00:00","dateModified":"2024-05-09T16:10:21+00:00","description":"Our Cookie Policy. all the information you need. you can always contact us with any queries, via our contact page.","breadcrumb":{"@id":"https:\/\/serenadances.com\/cookie-policy\/#breadcrumb"},"inLanguage":"pt-BR","potentialAction":[{"@type":"ReadAction","target":["https:\/\/serenadances.com\/cookie-policy\/"]}]},{"@type":"BreadcrumbList","@id":"https:\/\/serenadances.com\/cookie-policy\/#breadcrumb","itemListElement":[{"@type":"ListItem","position":1,"name":"Home","item":"https:\/\/serenadances.com\/pt\/"},{"@type":"ListItem","position":2,"name":"Cookie Policy"}]},{"@type":"WebSite","@id":"https:\/\/serenadances.com\/#website","url":"https:\/\/serenadances.com\/","name":"Serena Ramzy \u2013 A arte de ser a m\u00fasica","description":"Dan\u00e7arina, professora e core\u00f3grafa eg\u00edpcia","publisher":{"@id":"https:\/\/serenadances.com\/#\/schema\/person\/4f244102711b1aa21669d51f0bf6ea95"},"potentialAction":[{"@type":"SearchAction","target":{"@type":"EntryPoint","urlTemplate":"https:\/\/serenadances.com\/?s={search_term_string}"},"query-input":{"@type":"PropertyValueSpecification","valueRequired":true,"valueName":"search_term_string"}}],"inLanguage":"pt-BR"},{"@type":["Person","Organization"],"@id":"https:\/\/serenadances.com\/#\/schema\/person\/4f244102711b1aa21669d51f0bf6ea95","name":"serena ramzy","image":{"@type":"ImageObject","inLanguage":"pt-BR","@id":"https:\/\/serenadances.com\/wp-content\/uploads\/serena-dances-ramzy-logo-horizontal-1.png","url":"https:\/\/serenadances.com\/wp-content\/uploads\/serena-dances-ramzy-logo-horizontal-1.png","contentUrl":"https:\/\/serenadances.com\/wp-content\/uploads\/serena-dances-ramzy-logo-horizontal-1.png","width":909,"height":418,"caption":"serena ramzy"},"logo":{"@id":"https:\/\/serenadances.com\/wp-content\/uploads\/serena-dances-ramzy-logo-horizontal-1.png"}}]}},"jetpack_sharing_enabled":true,"_links":{"self":[{"href":"https:\/\/serenadances.com\/pt\/wp-json\/wp\/v2\/pages\/13607","targetHints":{"allow":["GET"]}}],"collection":[{"href":"https:\/\/serenadances.com\/pt\/wp-json\/wp\/v2\/pages"}],"about":[{"href":"https:\/\/serenadances.com\/pt\/wp-json\/wp\/v2\/types\/page"}],"author":[{"embeddable":true,"href":"https:\/\/serenadances.com\/pt\/wp-json\/wp\/v2\/users\/1"}],"replies":[{"embeddable":true,"href":"https:\/\/serenadances.com\/pt\/wp-json\/wp\/v2\/comments?post=13607"}],"version-history":[{"count":3,"href":"https:\/\/serenadances.com\/pt\/wp-json\/wp\/v2\/pages\/13607\/revisions"}],"predecessor-version":[{"id":25598,"href":"https:\/\/serenadances.com\/pt\/wp-json\/wp\/v2\/pages\/13607\/revisions\/25598"}],"wp:attachment":[{"href":"https:\/\/serenadances.com\/pt\/wp-json\/wp\/v2\/media?parent=13607"}],"curies":[{"name":"wp","href":"https:\/\/api.w.org\/{rel}","templated":true}]}}